{"id":135,"date":"2022-05-23T14:07:20","date_gmt":"2022-05-23T14:07:20","guid":{"rendered":"https:\/\/gameon.erasmus.site\/?page_id=135"},"modified":"2022-10-01T13:05:50","modified_gmt":"2022-10-01T13:05:50","slug":"partnership","status":"publish","type":"page","link":"https:\/\/gameon.erasmus.site\/es\/partnership\/","title":{"rendered":"Consorcio"},"content":{"rendered":"<p><\/p>\n<h2 style=\"text-align: center;\"><img fetchpriority=\"high\" decoding=\"async\" class=\"size-medium wp-image-97 aligncenter\" src=\"https:\/\/gameon.erasmus.site\/wp-content\/uploads\/2022\/05\/inno-300x300.png\" alt=\"\" width=\"300\" height=\"300\" srcset=\"https:\/\/gameon.erasmus.site\/wp-content\/uploads\/2022\/05\/inno.png 300w, https:\/\/gameon.erasmus.site\/wp-content\/uploads\/2022\/05\/inno-150x150.png 150w\" sizes=\"(max-width: 300px) 100vw, 300px\" \/><br \/>\nASOCIACI\u00d3N VALENCIA INNO HUB \u2013 Project Coordinator<\/h2>\n<p>\u00abValencia Inno Hub\u00bb (Innohub) es una organizaci\u00f3n espa\u00f1ola sin \u00e1nimo de lucro que nace con el objetivo de aunar talento, tecnolog\u00eda y desarrollo personal y profesional. Su objetivo es promover la innovaci\u00f3n y las nuevas soluciones tecnol\u00f3gicas que promuevan un futuro mejor, a trav\u00e9s de acciones de apoyo a un entorno de creaci\u00f3n innovadora y tecnol\u00f3gica, junto con un enfoque especial en los grupos desfavorecidos de la sociedad y su inclusi\u00f3n econ\u00f3mica y social. Innohub cree en la necesidad del cambio de modelo econ\u00f3mico para crear una econom\u00eda m\u00e1s competitiva y de valor a\u00f1adido, facilitando las herramientas necesarias a nuestras empresas y personas, y en este apoyo a los j\u00f3venes para que dicho cambio se perpet\u00fae en el tiempo.<\/p>\n<p>A trav\u00e9s de la tutor\u00eda y la formaci\u00f3n, Innohub quiere generar un impacto social positivo. Innohub apoya a los j\u00f3venes, a los emprendedores, a los inmigrantes y a las personas de grupos desfavorecidos que se enfrentan a diferentes factores de exclusi\u00f3n: j\u00f3venes y adultos con dificultades educativas, nacionales de terceros pa\u00edses, etc. capacit\u00e1ndolos y desarrollando sus habilidades empresariales y de autoempleo para lograr su inclusi\u00f3n socioecon\u00f3mica.<\/p>\n<p>En la actualidad, Innohub colabora con un amplio abanico de actores econ\u00f3micos, tanto p\u00fablicos como privados. La asociaci\u00f3n tiene una fuerte cooperaci\u00f3n con actores que apoyan a los j\u00f3venes, a los emprendedores y a los grupos desfavorecidos de la sociedad de la regi\u00f3n valenciana. En los \u00faltimos a\u00f1os, Innohub ha adquirido una importante experiencia en la ejecuci\u00f3n de proyectos de la UE, lo que ha permitido llegar a m\u00e1s personas y organizaciones que pueden beneficiarse de los servicios de Innohub. Tambi\u00e9n ha permitido ampliar la red local, nacional e internacional de contactos que enriquece las posibilidades de la asociaci\u00f3n en sus actividades diarias.<\/p>\n<p>P\u00e1gina web:<strong>\u00a0<\/strong><a href=\"http:\/\/valenciainnohub.com\/\" target=\"_blank\" rel=\"noopener\"><strong>http:\/\/valenciainnohub.com\/<\/strong><\/a><\/p>\n<hr \/>\n<h2 style=\"text-align: center;\"><img decoding=\"async\" class=\"alignnone wp-image-105 size-medium\" src=\"https:\/\/gameon.erasmus.site\/wp-content\/uploads\/2022\/05\/kmop-300x300.png\" alt=\"\" width=\"300\" height=\"300\" srcset=\"https:\/\/gameon.erasmus.site\/wp-content\/uploads\/2022\/05\/kmop.png 300w, https:\/\/gameon.erasmus.site\/wp-content\/uploads\/2022\/05\/kmop-150x150.png 150w\" sizes=\"(max-width: 300px) 100vw, 300px\" \/><br \/>\n<strong>KMOP<\/strong><\/h2>\n<p>El Centro de Acci\u00f3n e Innovaci\u00f3n Social es una de las organizaciones de la sociedad civil m\u00e1s antiguas de Grecia, creada en 1977 con la misi\u00f3n de contribuir a un dise\u00f1o eficaz de las pol\u00edticas sociales y liderar intervenciones impactantes que fomenten la resiliencia, combatan las desigualdades y promuevan un crecimiento social inclusivo y sostenible. KMOP estudia, analiza, propone soluciones y realiza intervenciones pol\u00edticas para abordar los retos sociales contempor\u00e1neos sobre la base de la equidad, la innovaci\u00f3n, la sostenibilidad y el desarrollo equilibrado.<\/p>\n<p>Para m\u00e1s informaci\u00f3n, visite:\u00a0<a href=\"https:\/\/www.kmop.gr\/\" target=\"_blank\" rel=\"noopener\">https:\/\/www.kmop.gr\/<\/a><\/p>\n<hr \/>\n<h2 style=\"text-align: center;\"><img decoding=\"async\" class=\"alignnone wp-image-109 size-medium\" src=\"https:\/\/gameon.erasmus.site\/wp-content\/uploads\/2022\/05\/meus-300x300.png\" alt=\"\" width=\"300\" height=\"300\" srcset=\"https:\/\/gameon.erasmus.site\/wp-content\/uploads\/2022\/05\/meus.png 300w, https:\/\/gameon.erasmus.site\/wp-content\/uploads\/2022\/05\/meus-150x150.png 150w\" sizes=\"(max-width: 300px) 100vw, 300px\" \/><br \/>\n<strong>MEUS<\/strong><\/h2>\n<p>MEUS es una organizaci\u00f3n privada con sede en Valencia, Espa\u00f1a, cuyo objetivo es mejorar las capacidades de las personas en su entorno, tanto a nivel profesional como privado. As\u00ed, se centra en el desarrollo de las capacidades de las personas en cada etapa de su vida, desde la escuela hasta la educaci\u00f3n de adultos, y la formaci\u00f3n continua durante la vida laboral.<\/p>\n<p>En l\u00ednea con la estrategia europea relacionada con la educaci\u00f3n, MEUS trabaja en el desarrollo de nuevos materiales y metodolog\u00edas de formaci\u00f3n adaptados a los diferentes objetivos y necesidades del mercado, mejorando as\u00ed la integraci\u00f3n en el mercado laboral, la formaci\u00f3n continua y las mejoras laborales. Trabaja especialmente en todas las habilidades blandas necesarias (comunicaci\u00f3n, trabajo en equipo, resoluci\u00f3n de problemas, etc.) que necesitan los trabajadores de todos los \u00e1mbitos (Inteligencia Artificial, IT, Servicios, Comercio, Retail, Salud, etc.). Tambi\u00e9n fomenta el desarrollo de nuevos proyectos empresariales, ofreciendo asesoramiento y formaci\u00f3n a los emprendedores, apoy\u00e1ndoles para que sean creativos, innovadores y tengan \u00e9xito en sus iniciativas.<\/p>\n<p>MEUS explora y promueve modelos de negocio sostenibles, buscando la aplicaci\u00f3n de las mejores pr\u00e1cticas de RSC. MEUS apoya decididamente a los sectores nuevos y en crecimiento de la econom\u00eda, y est\u00e1 atento a los cambios sociales, por lo que est\u00e1 especialmente comprometido con temas como la econom\u00eda verde (y las competencias verdes), la econom\u00eda naranja (cultura), las TIC, la adaptaci\u00f3n al envejecimiento de la poblaci\u00f3n y las nuevas caracter\u00edsticas demogr\u00e1ficas que generan una mayor demanda de servicios presenciales, etc.<\/p>\n<p>P\u00e1gina web: <a href=\"http:\/\/www.meuskills.eu\" target=\"_blank\" rel=\"noopener\">www.meuskills.eu<\/a><\/p>\n<hr \/>\n<h2 style=\"text-align: center;\"><img loading=\"lazy\" decoding=\"async\" class=\"alignnone wp-image-116 size-medium\" src=\"https:\/\/gameon.erasmus.site\/wp-content\/uploads\/2022\/05\/euphoria-300x300.png\" alt=\"\" width=\"300\" height=\"300\" srcset=\"https:\/\/gameon.erasmus.site\/wp-content\/uploads\/2022\/05\/euphoria.png 300w, https:\/\/gameon.erasmus.site\/wp-content\/uploads\/2022\/05\/euphoria-150x150.png 150w\" sizes=\"(max-width: 300px) 100vw, 300px\" \/><br \/>\n<strong>Euphoria Net<\/strong><\/h2>\n<p>Euphoria Net Srl es una empresa italiana creada en marzo de 2019 con el objetivo principal de prestar servicios en el \u00e1mbito de la gesti\u00f3n de proyectos, en t\u00e9rminos de apoyo a las organizaciones en la realizaci\u00f3n y gesti\u00f3n de proyectos, as\u00ed como en la formaci\u00f3n sobre este tema. Euphoria est\u00e1 especializada en el \u00e1mbito educativo y trabaja en proyectos relacionados con la aportaci\u00f3n de innovaci\u00f3n en dichos \u00e1mbitos. Las tres principales \u00e1reas de actividad son las siguientes 1 &#8211; Gesti\u00f3n de proyectos: seguimos todos los aspectos relacionados con los proyectos de la UE; 2 &#8211; Cursos de formaci\u00f3n: organizamos cursos de formaci\u00f3n especialmente para colegios de cualquier grado, Universidades y asociaciones sobre los siguientes temas: gesti\u00f3n de proyectos, competencias digitales, emprendimiento, impulso de STEM en la escuela, ciudadan\u00eda de la UE, aprendizaje personalizado, habilidades blandas y metodolog\u00edas innovadoras. 3 &#8211; Organizaci\u00f3n de eventos y estrategias de comunicaci\u00f3n: organizamos estrategias de difusi\u00f3n dentro de los proyectos, incluyendo la puesta en marcha de la marca del proyecto, la comunicaci\u00f3n, el mapeo de las partes interesadas, la organizaci\u00f3n y coordinaci\u00f3n de eventos en toda Europa.<\/p>\n<p>P\u00e1gina web:\u00a0<a href=\"https:\/\/euphorianet.it\/\" target=\"_blank\" rel=\"noopener\">www.euphorianet.it<\/a><\/p>\n<p>Contact: <a href=\"mailto:info@euphorianet.it\">info@euphorianet.it<\/a><\/p>\n<hr \/>\n<h2 style=\"text-align: center;\"><img loading=\"lazy\" decoding=\"async\" class=\"alignnone wp-image-120 size-medium\" src=\"https:\/\/gameon.erasmus.site\/wp-content\/uploads\/2022\/05\/cwep-300x300.png\" alt=\"\" width=\"300\" height=\"300\" srcset=\"https:\/\/gameon.erasmus.site\/wp-content\/uploads\/2022\/05\/cwep.png 300w, https:\/\/gameon.erasmus.site\/wp-content\/uploads\/2022\/05\/cwep-150x150.png 150w\" sizes=\"(max-width: 300px) 100vw, 300px\" \/><br \/>\nThe Centre for Education and Entrepreneurship Support (CWEP)<\/h2>\n<p>Centre For Education And Entrepreneurship Support (CWEP) es una organizaci\u00f3n no gubernamental fundada en 2004 por un grupo de empresarios, profesores y activistas sociales de Rzesz\u00f3w, Polonia. CWEP coopera con empresas e instituciones educativas. La misi\u00f3n de CWEP es aumentar la calidad de la formaci\u00f3n educativa a todos los niveles y en todas sus formas, as\u00ed como promover el esp\u00edritu empresarial para fomentar la integraci\u00f3n de cualquier grupo social, independientemente de su sexo, edad u origen \u00e9tnico. En particular, los objetivos son mejorar la accesibilidad, la calidad y la eficiencia de la educaci\u00f3n de todas las personas, promover y contribuir a la educaci\u00f3n de adultos, el aprendizaje permanente, el aprendizaje electr\u00f3nico y el uso de las nuevas tecnolog\u00edas en la educaci\u00f3n y el esp\u00edritu empresarial. La Asociaci\u00f3n trabaja con muchos socios de Europa para fortalecer la posici\u00f3n econ\u00f3mica de las empresas y proporciona plataformas en l\u00ednea para las empresas.<\/p>\n<p>P\u00e1gina web:\u00a0<a href=\"http:\/\/www.cwep.eu\" target=\"_blank\" rel=\"noopener\">www.cwep.eu<\/a><\/p>\n<hr \/>\n<h2 style=\"text-align: center;\"><img loading=\"lazy\" decoding=\"async\" class=\"alignnone wp-image-128 size-medium\" src=\"https:\/\/gameon.erasmus.site\/wp-content\/uploads\/2022\/05\/innoved-300x300.png\" alt=\"\" width=\"300\" height=\"300\" srcset=\"https:\/\/gameon.erasmus.site\/wp-content\/uploads\/2022\/05\/innoved.png 300w, https:\/\/gameon.erasmus.site\/wp-content\/uploads\/2022\/05\/innoved-150x150.png 150w\" sizes=\"(max-width: 300px) 100vw, 300px\" \/><br \/>\n<strong>INNOVED<\/strong><\/h2>\n<p>InnovED es una organizaci\u00f3n educativa que se centra en la transferencia de conocimientos e innovaciones en relaci\u00f3n con el desarrollo cultural y econ\u00f3mico en los \u00e1mbitos de la educaci\u00f3n no formal, el aprendizaje y la formaci\u00f3n permanentes; el esp\u00edritu empresarial y los aspectos relacionados con el empleo; el aprendizaje no formal y los m\u00e9todos de formaci\u00f3n con el uso de tecnolog\u00edas contempor\u00e1neas.<\/p>\n<p>La misi\u00f3n principal de INNOVED es la promoci\u00f3n del conocimiento con la activaci\u00f3n y el compromiso de los ciudadanos a trav\u00e9s de pr\u00e1cticas educativas modernas y oportunidades que tienen un beneficio para la sociedad en general. Para cumplir su misi\u00f3n, los puntos centrales de INNOVED giran en torno a:<\/p>\n<p>Educaci\u00f3n y formaci\u00f3n<br \/>\nInclusi\u00f3n social, auto-empoderamiento y di\u00e1logo intercultural<br \/>\nMetodolog\u00edas y pr\u00e1cticas innovadoras en torno a la mentalidad empresarial<br \/>\nDiscapacidades y empoderamiento<br \/>\nPr\u00e1cticas no formales en educaci\u00f3n y formaci\u00f3n<br \/>\nInnovED hace hincapi\u00e9 en la inclusi\u00f3n social de los grupos desfavorecidos y marginados y en el empoderamiento general de las personas mediante la provisi\u00f3n de soluciones educativas innovadoras e integradas adaptadas a las necesidades de los distintos grupos. M\u00e1s concretamente, la organizaci\u00f3n se centra en la activaci\u00f3n de la participaci\u00f3n de las partes interesadas con diferentes or\u00edgenes en iniciativas que dan derecho a las personas a un futuro mejor (ya sea a nivel profesional o personal) a trav\u00e9s del autoempoderamiento. InnovED aspira a ser conocida por su devoci\u00f3n y compromiso profesional con la excelencia.<\/p>\n<p>P\u00e1gina web:\u00a0<a href=\"https:\/\/www.innoved.gr\/\" target=\"_blank\" rel=\"noopener\">https:\/\/www.innoved.gr\/<\/a><\/p>","protected":false},"excerpt":{"rendered":"<p>ASOCIACI\u00d3N VALENCIA INNO HUB \u2013 Project Coordinator \u00abValencia Inno Hub\u00bb (Innohub) es una organizaci\u00f3n espa\u00f1ola sin \u00e1nimo de lucro que nace con el objetivo de aunar talento, tecnolog\u00eda y desarrollo personal y profesional. Su objetivo es promover la innovaci\u00f3n y las nuevas soluciones tecnol\u00f3gicas que promuevan un futuro mejor, a trav\u00e9s de acciones de apoyo&hellip;&nbsp;<\/p>\n","protected":false},"author":1,"featured_media":0,"parent":0,"menu_order":0,"comment_status":"closed","ping_status":"closed","template":"","meta":{"neve_meta_sidebar":"","neve_meta_container":"","neve_meta_enable_content_width":"off","neve_meta_content_width":100,"neve_meta_title_alignment":"","neve_meta_author_avatar":"","neve_post_elements_order":"","neve_meta_disable_header":"","neve_meta_disable_footer":"","neve_meta_disable_title":"","footnotes":""},"class_list":["post-135","page","type-page","status-publish","hentry"],"_links":{"self":[{"href":"https:\/\/gameon.erasmus.site\/es\/wp-json\/wp\/v2\/pages\/135","targetHints":{"allow":["GET"]}}],"collection":[{"href":"https:\/\/gameon.erasmus.site\/es\/wp-json\/wp\/v2\/pages"}],"about":[{"href":"https:\/\/gameon.erasmus.site\/es\/wp-json\/wp\/v2\/types\/page"}],"author":[{"embeddable":true,"href":"https:\/\/gameon.erasmus.site\/es\/wp-json\/wp\/v2\/users\/1"}],"replies":[{"embeddable":true,"href":"https:\/\/gameon.erasmus.site\/es\/wp-json\/wp\/v2\/comments?post=135"}],"version-history":[{"count":11,"href":"https:\/\/gameon.erasmus.site\/es\/wp-json\/wp\/v2\/pages\/135\/revisions"}],"predecessor-version":[{"id":202,"href":"https:\/\/gameon.erasmus.site\/es\/wp-json\/wp\/v2\/pages\/135\/revisions\/202"}],"wp:attachment":[{"href":"https:\/\/gameon.erasmus.site\/es\/wp-json\/wp\/v2\/media?parent=135"}],"curies":[{"name":"wp","href":"https:\/\/api.w.org\/{rel}","templated":true}]}}