{"id":175,"date":"2022-07-19T14:03:12","date_gmt":"2022-07-19T14:03:12","guid":{"rendered":"https:\/\/gameon.erasmus.site\/?page_id=175"},"modified":"2023-12-15T19:23:50","modified_gmt":"2023-12-15T19:23:50","slug":"result-2","status":"publish","type":"page","link":"https:\/\/gameon.erasmus.site\/es\/result-2\/","title":{"rendered":"Directrices de Emprendimiento Digital"},"content":{"rendered":"<p>un conjunto de directrices que tendr\u00e1n como objetivo principal proporcionar a los usuarios finales la informaci\u00f3n relevante y la explicaci\u00f3n de todos los conceptos y herramientas que ser\u00edan necesarios para ellos a la hora de convertirse en emprendedores digitales. A trav\u00e9s de las Directrices de Emprendimiento Digital, los usuarios podr\u00e1n complementar el trabajo de formaci\u00f3n realizado a trav\u00e9s de R1 y el juego serio. Las directrices servir\u00e1n como una herramienta de formaci\u00f3n adicional que asegurar\u00e1 que los usuarios sean capaces de entender los conceptos incluidos en el juego y que son relevantes para convertirse en un emprendedor digital. Las directrices se dividir\u00e1n en tres \u00e1reas principales, dedicadas principalmente a<\/p>\n<p>&#8211; Conceptos te\u00f3ricos: emprendimiento digital, transformaci\u00f3n digital y posibilidades<br \/>\n&#8211; Herramientas para el emprendimiento digital<br \/>\n&#8211; Mejores pr\u00e1cticas y estudios de casos de empresas digitales &#8211; Motivaci\u00f3n.<\/p>\n<p>Todo el contenido incluido en las directrices se ilustrar\u00e1 mediante ejemplos de la vida real y estudios de casos, como medida para mostrar a los usuarios c\u00f3mo los conceptos introducidos est\u00e1n activos en el d\u00eda a d\u00eda de los emprendedores digitales. Las directrices digitales tambi\u00e9n incluir\u00e1n teor\u00eda relevante que pueda ser \u00fatil para la mejor comprensi\u00f3n del juego, o para ampliar los conocimientos de los usuarios en temas complementarios.<br \/>\n\r\n<!--change the width and height value as you want.--> \r\n<!-- Do change \"index.htm\" to your real html name of the flippingbook--> \r\n<iframe  style=\"width:100%;height:850px\"  src=\"https:\/\/gameon.erasmus.site\/wp-content\/uploads\/flipbook\/4\/book.html\"  seamless=\"seamless\" scrolling=\"no\" frameborder=\"0\" allowtransparency=\"true\" allowfullscreen mozallowfullscreen  webkitallowfullscreen ><\/iframe>\r\n<\/p>\n<p style=\"text-align: center;\"><a class=\"btn btn-primary btn-lg active\" role=\"button\" href=\"https:\/\/gameon.erasmus.site\/wp-content\/uploads\/2023\/11\/ES_GameON_PR2_Digital_Entrepreneurship_Guidelines_FINAL.pdf\" aria-pressed=\"true\">Download<\/a><\/p>\n<p><\/p>","protected":false},"excerpt":{"rendered":"<p>un conjunto de directrices que tendr\u00e1n como objetivo principal proporcionar a los usuarios finales la informaci\u00f3n relevante y la explicaci\u00f3n de todos los conceptos y herramientas que ser\u00edan necesarios para ellos a la hora de convertirse en emprendedores digitales. A trav\u00e9s de las Directrices de Emprendimiento Digital, los usuarios podr\u00e1n complementar el trabajo de formaci\u00f3n&hellip;&nbsp;<\/p>\n","protected":false},"author":1,"featured_media":0,"parent":0,"menu_order":0,"comment_status":"closed","ping_status":"closed","template":"","meta":{"neve_meta_sidebar":"","neve_meta_container":"","neve_meta_enable_content_width":"off","neve_meta_content_width":100,"neve_meta_title_alignment":"","neve_meta_author_avatar":"","neve_post_elements_order":"","neve_meta_disable_header":"","neve_meta_disable_footer":"","neve_meta_disable_title":"","footnotes":""},"class_list":["post-175","page","type-page","status-publish","hentry"],"_links":{"self":[{"href":"https:\/\/gameon.erasmus.site\/es\/wp-json\/wp\/v2\/pages\/175","targetHints":{"allow":["GET"]}}],"collection":[{"href":"https:\/\/gameon.erasmus.site\/es\/wp-json\/wp\/v2\/pages"}],"about":[{"href":"https:\/\/gameon.erasmus.site\/es\/wp-json\/wp\/v2\/types\/page"}],"author":[{"embeddable":true,"href":"https:\/\/gameon.erasmus.site\/es\/wp-json\/wp\/v2\/users\/1"}],"replies":[{"embeddable":true,"href":"https:\/\/gameon.erasmus.site\/es\/wp-json\/wp\/v2\/comments?post=175"}],"version-history":[{"count":8,"href":"https:\/\/gameon.erasmus.site\/es\/wp-json\/wp\/v2\/pages\/175\/revisions"}],"predecessor-version":[{"id":567,"href":"https:\/\/gameon.erasmus.site\/es\/wp-json\/wp\/v2\/pages\/175\/revisions\/567"}],"wp:attachment":[{"href":"https:\/\/gameon.erasmus.site\/es\/wp-json\/wp\/v2\/media?parent=175"}],"curies":[{"name":"wp","href":"https:\/\/api.w.org\/{rel}","templated":true}]}}