{"id":135,"date":"2022-05-23T14:07:20","date_gmt":"2022-05-23T14:07:20","guid":{"rendered":"https:\/\/gameon.erasmus.site\/?page_id=135"},"modified":"2022-10-01T13:05:50","modified_gmt":"2022-10-01T13:05:50","slug":"partnership","status":"publish","type":"page","link":"https:\/\/gameon.erasmus.site\/it\/partnership\/","title":{"rendered":"I partner"},"content":{"rendered":"<p><\/p>\n<h2 style=\"text-align: center;\"><img fetchpriority=\"high\" decoding=\"async\" class=\"size-medium wp-image-97 aligncenter\" src=\"https:\/\/gameon.erasmus.site\/wp-content\/uploads\/2022\/05\/inno-300x300.png\" alt=\"\" width=\"300\" height=\"300\" srcset=\"https:\/\/gameon.erasmus.site\/wp-content\/uploads\/2022\/05\/inno.png 300w, https:\/\/gameon.erasmus.site\/wp-content\/uploads\/2022\/05\/inno-150x150.png 150w\" sizes=\"(max-width: 300px) 100vw, 300px\" \/><br \/>\nASOCIACI\u00d3N VALENCIA INNO HUB &#8211; Coordinatori del progetto<\/h2>\n<p>Valencia Inno Hub (Innohub) \u00e8 un&#8217;organizzazione spagnola no-profit nata con l&#8217;obiettivo di mettere insieme talento, tecnologia e sviluppo personale e professionale. Il suo obiettivo \u00e8 quello di promuovere innovazione e nuove soluzioni tecnologiche che favoriscano un futuro migliore, attraverso azioni a sostegno di un ambiente creativo innovativo e tecnologico, con un&#8217;attenzione particolare ai gruppi sociali svantaggiati e alla loro inclusione economica e sociale. Innohub crede nella necessit\u00e0 di cambiare il modello economico per creare un&#8217;economia pi\u00f9 competitiva e a valore aggiunto, fornendo gli strumenti necessari alle aziende e alle persone, e sostenendo i giovani affinch\u00e9 questo cambiamento si perpetui nel tempo.<\/p>\n<p>Attraverso attivit\u00e0 di tutoraggio e di formazione, Innohub mira a generare un impatto sociale positivo. Innohub sostiene giovani, imprenditori, migranti e persone appartenenti a gruppi svantaggiati che si trovano ad affrontare diversi fattori di esclusione: giovani e adulti con difficolt\u00e0 di apprendimento, cittadini di Paesi terzi, ecc., dando loro la possibilit\u00e0 di sviluppare le proprie capacit\u00e0 imprenditoriali e di lavoro autonomo per raggiungere l&#8217;inclusione socio-economica.<\/p>\n<p>Attualmente Innohub collabora con un\u2019ampia variet\u00e0 di attori economici, sia pubblici che privati. L&#8217;associazione vanta una forte collaborazione con attori che sostengono i giovani, gli imprenditori e i gruppi sociali pi\u00f9 svantaggiati della regione di Valencia. Negli ultimi anni, Innohub ha maturato un\u2019importante esperienza nell&#8217;implementazione di progetti europei, che ha permesso di raggiungere un gran numero di persone e organizzazioni che beneficiano dei servizi dell\u2019organizzazione. Inoltre, ha permesso di ampliare la rete di contatti locali, nazionali e internazionali, arricchendo le capacit\u00e0 dell&#8217;associazione nelle sue attivit\u00e0 quotidiane.<\/p>\n<p>Sito web: <a href=\"http:\/\/valenciainnohub.com\/\" target=\"_blank\" rel=\"noopener\"><strong>http:\/\/valenciainnohub.com\/<\/strong><\/a><\/p>\n<hr \/>\n<h2 style=\"text-align: center;\"><img decoding=\"async\" class=\"alignnone wp-image-105 size-medium\" src=\"https:\/\/gameon.erasmus.site\/wp-content\/uploads\/2022\/05\/kmop-300x300.png\" alt=\"\" width=\"300\" height=\"300\" srcset=\"https:\/\/gameon.erasmus.site\/wp-content\/uploads\/2022\/05\/kmop.png 300w, https:\/\/gameon.erasmus.site\/wp-content\/uploads\/2022\/05\/kmop-150x150.png 150w\" sizes=\"(max-width: 300px) 100vw, 300px\" \/><br \/>\n<strong>KMOP<\/strong><\/h2>\n<p>Il Centro per l\u2019Innovazione e l\u2019Azione Sociale \u00e8 una delle pi\u00f9 antiche organizzazioni della societ\u00e0 civile in Grecia, fondata nel 1977 con la missione di contribuire alla progettazione di politiche sociali efficaci e condurre interventi d\u2019impatto che sviluppino la resilienza, combattano le disuguaglianze e promuovano una crescita sociale inclusiva e sostenibile. KMOP studia, analizza, propone soluzioni e realizza interventi politici per affrontare le sfide sociali contemporanee basandosi su equit\u00e0, innovazione, sostenibilit\u00e0 e sviluppo equilibrato.<\/p>\n<p>Per maggiori informazioni, visitate il sito:\u00a0<a href=\"https:\/\/www.kmop.gr\/\" target=\"_blank\" rel=\"noopener\">https:\/\/www.kmop.gr\/<\/a><\/p>\n<hr \/>\n<h2 style=\"text-align: center;\"><img decoding=\"async\" class=\"alignnone wp-image-109 size-medium\" src=\"https:\/\/gameon.erasmus.site\/wp-content\/uploads\/2022\/05\/meus-300x300.png\" alt=\"\" width=\"300\" height=\"300\" srcset=\"https:\/\/gameon.erasmus.site\/wp-content\/uploads\/2022\/05\/meus.png 300w, https:\/\/gameon.erasmus.site\/wp-content\/uploads\/2022\/05\/meus-150x150.png 150w\" sizes=\"(max-width: 300px) 100vw, 300px\" \/><br \/>\n<strong>MEUS<\/strong><\/h2>\n<p>MEUS \u00e8 un&#8217;organizzazione privata con sede a Valencia, in Spagna, il cui obiettivo \u00e8 migliorare le capacit\u00e0 degli individui nel loro contesto, sia a livello professionale che privato. Pertanto, si concentra sullo sviluppo delle capacit\u00e0 delle persone in ogni fase della loro vita, dalla scuola ai corsi di formazione per adulti, fino alla formazione continua durante la vita lavorativa.<\/p>\n<p>In linea con la strategia europea in materia di istruzione, MEUS lavora allo sviluppo di nuovi materiali e metodologie di formazione adattati ai diversi target e alle esigenze del mercato, migliorando cos\u00ec l&#8217;integrazione nel mercato del lavoro, la formazione continua e il perfezionamento professionale.<br \/>\nIn particolare, si occupa di tutte le soft skills (comunicazione, lavoro di squadra, problem solving, ecc.) indispensabili per i lavoratori di tutti i settori (Intelligenza Artificiale, IT, Servizi, Commercio, Vendita al dettaglio, Sanit\u00e0, ecc.). Inoltre, incoraggia lo sviluppo di nuovi progetti imprenditoriali, offrendo consulenze e formazioni agli imprenditori, sostenendoli affinch\u00e9 siano creativi, innovativi e abbiano successo nelle loro iniziative.<\/p>\n<p>MEUS esplora e promuove modelli di business sostenibili, cercando di implementare le migliori pratiche di CSR. MEUS sostiene con forza i settori nuovi e in crescita dell\u2019economia ed \u00e8 attento ai cambiamenti sociali, per questo \u00e8 particolarmente impegnato nei temi come l\u2019economia verde (e le competenze verdi), l&#8217;economia arancione (cultura), le ICT, l\u2019adattamento all\u2019invecchiamento della popolazione e alle nuove caratteristiche demografiche che generano una domanda maggiore di servizi faccia a faccia, ecc.<\/p>\n<p>Sito web:\u00a0<a href=\"http:\/\/www.meuskills.eu\" target=\"_blank\" rel=\"noopener\">www.meuskills.eu<\/a><\/p>\n<hr \/>\n<h2 style=\"text-align: center;\"><img loading=\"lazy\" decoding=\"async\" class=\"alignnone wp-image-116 size-medium\" src=\"https:\/\/gameon.erasmus.site\/wp-content\/uploads\/2022\/05\/euphoria-300x300.png\" alt=\"\" width=\"300\" height=\"300\" srcset=\"https:\/\/gameon.erasmus.site\/wp-content\/uploads\/2022\/05\/euphoria.png 300w, https:\/\/gameon.erasmus.site\/wp-content\/uploads\/2022\/05\/euphoria-150x150.png 150w\" sizes=\"(max-width: 300px) 100vw, 300px\" \/><br \/>\n<strong>Euphoria Net<\/strong><\/h2>\n<p>Euphoria Net Srl \u00e8 una azienda italiana costituita nel marzo 2019 che fornisce servizi nel campo del project management, supportando le organizzazioni nella realizzazione e gestione di progetti e organizzando corsi di formazione su queste tematiche. Euphoria \u00e8 specializzata nel settore dell&#8217;istruzione e lavora a progetti che vogliono portare innovazione in questo campo. Le tre principali aree di lavoro sono: 1 &#8211; Gestione dei progetti: seguiamo tutti gli aspetti relativi ai progetti dell\u2019UE; 2 &#8211; Corsi di formazione: organizziamo corsi di formazione rivolti in particolare alle scuole di ogni ordine e grado, alle universit\u00e0 e alle associazioni. I temi trattati sono: gestione dei progetti, competenze digitali, imprenditorialit\u00e0, potenziamento delle STEM a scuola, cittadinanza dell\u2019UE, apprendimento personalizzato, soft skills e metodologie innovative. 3 &#8211; Organizzazione di eventi e strategie di comunicazione: sviluppiamo le strategie di disseminazione dei progetti, curandone il branding, la comunicazione, la mappatura degli stakeholder, l\u2019organizzazione e il coordinamento di eventi in tutta Europa.<\/p>\n<p>Sito web:\u00a0<a href=\"https:\/\/euphorianet.it\/\" target=\"_blank\" rel=\"noopener\">www.euphorianet.it<\/a><\/p>\n<p>Contatto: <a href=\"mailto:info@euphorianet.it\">info@euphorianet.it<\/a><\/p>\n<hr \/>\n<h2 style=\"text-align: center;\"><img loading=\"lazy\" decoding=\"async\" class=\"alignnone wp-image-120 size-medium\" src=\"https:\/\/gameon.erasmus.site\/wp-content\/uploads\/2022\/05\/cwep-300x300.png\" alt=\"\" width=\"300\" height=\"300\" srcset=\"https:\/\/gameon.erasmus.site\/wp-content\/uploads\/2022\/05\/cwep.png 300w, https:\/\/gameon.erasmus.site\/wp-content\/uploads\/2022\/05\/cwep-150x150.png 150w\" sizes=\"(max-width: 300px) 100vw, 300px\" \/><br \/>\n<strong>Centrum Wspierania Edukacji i Przedsi\u0119biorczo\u015bci (CWEP)<\/strong><\/h2>\n<p>Il Centro per l\u2019Istruzione e il Sostegno all\u2019Imprenditorialit\u00e0 (CWEP) \u00e8 un\u2019organizzazione non governativa fondata nel 2004 da un gruppo di imprenditori, insegnanti e attivisti di Rzesz\u00f3w, in Polonia. CWEP collabora con imprese e istituti di formazione. La missione di CWEP \u00e8 migliorare la qualit\u00e0 della formazione scolastica a tutti i livelli e in tutte le sue forme, nonch\u00e9 promuovere l&#8217;imprenditorialit\u00e0 per favorire l&#8217;integrazione di qualsiasi gruppo sociale, indipendentemente dal genere, dall&#8217;et\u00e0 o dall&#8217;origine etnica. In particolare, i suoi obiettivi sono: migliorare l&#8217;accessibilit\u00e0, la qualit\u00e0 e l&#8217;efficienza dell&#8217;istruzione per tutti, promuovere e contribuire alla formazione degli adulti, all&#8217;apprendimento continuo, all&#8217;e-learning e all&#8217;uso delle nuove tecnologie nell&#8217;istruzione e nell&#8217;imprenditorialit\u00e0. L&#8217;Associazione collabora con numerosi partner europei per rafforzare la posizione economica delle imprese e sviluppa piattaforme on-line per le aziende.<\/p>\n<p>Sito web:\u00a0<a href=\"http:\/\/www.cwep.eu\" target=\"_blank\" rel=\"noopener\">www.cwep.eu<\/a><\/p>\n<hr \/>\n<h2 style=\"text-align: center;\"><img loading=\"lazy\" decoding=\"async\" class=\"alignnone wp-image-128 size-medium\" src=\"https:\/\/gameon.erasmus.site\/wp-content\/uploads\/2022\/05\/innoved-300x300.png\" alt=\"\" width=\"300\" height=\"300\" srcset=\"https:\/\/gameon.erasmus.site\/wp-content\/uploads\/2022\/05\/innoved.png 300w, https:\/\/gameon.erasmus.site\/wp-content\/uploads\/2022\/05\/innoved-150x150.png 150w\" sizes=\"(max-width: 300px) 100vw, 300px\" \/><br \/>\n<strong>INNOVED<\/strong><\/h2>\n<p>InnovED \u00e8 un&#8217;organizzazione per l&#8217;istruzione che si occupa del trasferimento di conoscenze e innovazioni per lo sviluppo culturale ed economico nei settori della formazione non formale, dell&#8217;apprendimento e della formazione continui; dell&#8217;imprenditorialit\u00e0 e degli aspetti occupazionali; dei metodi di apprendimento e formazione non formale con l&#8217;uso delle pi\u00f9 recenti tecnologie.<br \/>\nLa missione principale di InnovED \u00e8 promuovere la conoscenza con il coinvolgimento e la partecipazione dei cittadini attraverso pratiche educative e opportunit\u00e0 innovative che hanno un effetto benefico sulla societ\u00e0 nel suo complesso. Per realizzare la sua missione, i temi principali di cui si occupa InnovED sono:<\/p>\n<p>Istruzione e formazione<br \/>\nInclusione sociale, auto-emancipazione e dialogo interculturale<br \/>\nMetodologie e pratiche innovative per la mentalit\u00e0 imprenditoriale<br \/>\nDisabilit\u00e0 ed empowerment<br \/>\nPratiche non formali nell&#8217;istruzione e nella formazione.<br \/>\nInnovED si occupa dell&#8217;inclusione sociale dei gruppi svantaggiati ed emarginati e dell&#8217;empowerment generale degli individui, fornendo soluzioni educative innovative e integrate, studiate su misura per soddisfare le esigenze dei vari gruppi. In particolare, l&#8217;organizzazione si impegna a coinvolgere soggetti con background diversi in iniziative che diano diritto a un futuro migliore (sia a livello professionale che personale) attraverso l&#8217;auto-imprenditorialit\u00e0. InnovED mira a farsi conoscere per la sua dedizione e il suo impegno professionale verso l&#8217;eccellenza.<\/p>\n<p>Sito web:\u00a0<a href=\"https:\/\/www.innoved.gr\/\" target=\"_blank\" rel=\"noopener\">https:\/\/www.innoved.gr\/<\/a><\/p>","protected":false},"excerpt":{"rendered":"<p>ASOCIACI\u00d3N VALENCIA INNO HUB &#8211; Coordinatori del progetto Valencia Inno Hub (Innohub) \u00e8 un&#8217;organizzazione spagnola no-profit nata con l&#8217;obiettivo di mettere insieme talento, tecnologia e sviluppo personale e professionale. Il suo obiettivo \u00e8 quello di promuovere innovazione e nuove soluzioni tecnologiche che favoriscano un futuro migliore, attraverso azioni a sostegno di un ambiente creativo innovativo&hellip;&nbsp;<\/p>\n","protected":false},"author":1,"featured_media":0,"parent":0,"menu_order":0,"comment_status":"closed","ping_status":"closed","template":"","meta":{"neve_meta_sidebar":"","neve_meta_container":"","neve_meta_enable_content_width":"off","neve_meta_content_width":100,"neve_meta_title_alignment":"","neve_meta_author_avatar":"","neve_post_elements_order":"","neve_meta_disable_header":"","neve_meta_disable_footer":"","neve_meta_disable_title":"","footnotes":""},"class_list":["post-135","page","type-page","status-publish","hentry"],"_links":{"self":[{"href":"https:\/\/gameon.erasmus.site\/it\/wp-json\/wp\/v2\/pages\/135","targetHints":{"allow":["GET"]}}],"collection":[{"href":"https:\/\/gameon.erasmus.site\/it\/wp-json\/wp\/v2\/pages"}],"about":[{"href":"https:\/\/gameon.erasmus.site\/it\/wp-json\/wp\/v2\/types\/page"}],"author":[{"embeddable":true,"href":"https:\/\/gameon.erasmus.site\/it\/wp-json\/wp\/v2\/users\/1"}],"replies":[{"embeddable":true,"href":"https:\/\/gameon.erasmus.site\/it\/wp-json\/wp\/v2\/comments?post=135"}],"version-history":[{"count":11,"href":"https:\/\/gameon.erasmus.site\/it\/wp-json\/wp\/v2\/pages\/135\/revisions"}],"predecessor-version":[{"id":202,"href":"https:\/\/gameon.erasmus.site\/it\/wp-json\/wp\/v2\/pages\/135\/revisions\/202"}],"wp:attachment":[{"href":"https:\/\/gameon.erasmus.site\/it\/wp-json\/wp\/v2\/media?parent=135"}],"curies":[{"name":"wp","href":"https:\/\/api.w.org\/{rel}","templated":true}]}}