{"id":135,"date":"2022-05-23T14:07:20","date_gmt":"2022-05-23T14:07:20","guid":{"rendered":"https:\/\/gameon.erasmus.site\/?page_id=135"},"modified":"2022-10-01T13:05:50","modified_gmt":"2022-10-01T13:05:50","slug":"partnership","status":"publish","type":"page","link":"https:\/\/gameon.erasmus.site\/pl\/partnership\/","title":{"rendered":"Partnerzy"},"content":{"rendered":"<p><\/p>\n<h2 style=\"text-align: center;\"><img fetchpriority=\"high\" decoding=\"async\" class=\"size-medium wp-image-97 aligncenter\" src=\"https:\/\/gameon.erasmus.site\/wp-content\/uploads\/2022\/05\/inno-300x300.png\" alt=\"\" width=\"300\" height=\"300\" srcset=\"https:\/\/gameon.erasmus.site\/wp-content\/uploads\/2022\/05\/inno.png 300w, https:\/\/gameon.erasmus.site\/wp-content\/uploads\/2022\/05\/inno-150x150.png 150w\" sizes=\"(max-width: 300px) 100vw, 300px\" \/><br \/>\nASOCIACI\u00d3N VALENCIA INNO HUB \u2013 Koordynator projektu<\/h2>\n<p>Valencia Inno Hub (Innohub) to hiszpa\u0144ska organizacja non-profit, kt\u00f3ra powsta\u0142a w celu po\u0142\u0105czenia talentu, technologii oraz rozwoju osobistego i zawodowego. Jej celem jest promowanie innowacji i nowych rozwi\u0105za\u0144 technologicznych, kt\u00f3re b\u0119d\u0105 promowa\u0107 lepsz\u0105 przysz\u0142o\u015b\u0107, poprzez dzia\u0142ania wspieraj\u0105ce innowacyjne i technologiczne \u015brodowisko tworzenia, wraz ze szczeg\u00f3lnym uwzgl\u0119dnieniem grup spo\u0142ecznych znajduj\u0105cych si\u0119 w niekorzystnej sytuacji oraz ich integracji ekonomicznej i spo\u0142ecznej. Innohub wierzy w konieczno\u015b\u0107 zmiany modelu ekonomicznego w celu stworzenia bardziej konkurencyjnej i tworz\u0105cej warto\u015b\u0107 gospodarki, u\u0142atwiaj\u0105c niezb\u0119dne narz\u0119dzia dla naszych firm i os\u00f3b prywatnych, a w tym wsparcie m\u0142odych ludzi, aby upewni\u0107 si\u0119, \u017ce ta zmiana jest utrwalona w czasie.<\/p>\n<p>Poprzez mentoring i szkolenia Innohub chce generowa\u0107 pozytywny wp\u0142yw spo\u0142eczny. Innohub wspiera m\u0142odych ludzi, przedsi\u0119biorc\u00f3w, migrant\u00f3w i osoby z grup defaworyzowanych, kt\u00f3re borykaj\u0105 si\u0119 z r\u00f3\u017cnymi czynnikami wykluczenia: m\u0142odzie\u017c i doros\u0142ych z trudno\u015bciami edukacyjnymi, obywateli kraj\u00f3w trzecich, itp. wzmacniaj\u0105c ich i buduj\u0105c ich umiej\u0119tno\u015bci w zakresie przedsi\u0119biorczo\u015bci i samozatrudnienia w celu osi\u0105gni\u0119cia ich integracji spo\u0142eczno-ekonomicznej.<\/p>\n<p>Obecnie Innohub wsp\u00f3\u0142pracuje z szerokim gronem podmiot\u00f3w gospodarczych, zar\u00f3wno publicznych, jak i prywatnych. Stowarzyszenie ma siln\u0105 wsp\u00f3\u0142prac\u0119 z podmiotami wspieraj\u0105cymi m\u0142odych ludzi, przedsi\u0119biorc\u00f3w i defaworyzowane grupy spo\u0142eczne z regionu Walencji. W ostatnich latach Innohub zdoby\u0142 wa\u017cne do\u015bwiadczenie w realizacji projekt\u00f3w unijnych, co da\u0142o mo\u017cliwo\u015b\u0107 dotarcia do wi\u0119kszej liczby os\u00f3b i organizacji, kt\u00f3re mog\u0105 skorzysta\u0107 z us\u0142ug Innohub. Pozwoli\u0142o to r\u00f3wnie\u017c na poszerzenie lokalnej, krajowej i mi\u0119dzynarodowej sieci kontakt\u00f3w, kt\u00f3ra wzbogaca mo\u017cliwo\u015bci stowarzyszenia w jego codziennej dzia\u0142alno\u015bci.<\/p>\n<p><strong>Strona internetowa: <\/strong><a href=\"http:\/\/valenciainnohub.com\/\" target=\"_blank\" rel=\"noopener\"><strong>http:\/\/valenciainnohub.com\/<\/strong><\/a><\/p>\n<hr \/>\n<h2 style=\"text-align: center;\"><img decoding=\"async\" class=\"alignnone wp-image-105 size-medium\" src=\"https:\/\/gameon.erasmus.site\/wp-content\/uploads\/2022\/05\/kmop-300x300.png\" alt=\"\" width=\"300\" height=\"300\" srcset=\"https:\/\/gameon.erasmus.site\/wp-content\/uploads\/2022\/05\/kmop.png 300w, https:\/\/gameon.erasmus.site\/wp-content\/uploads\/2022\/05\/kmop-150x150.png 150w\" sizes=\"(max-width: 300px) 100vw, 300px\" \/><br \/>\n<strong>KMOP<\/strong><\/h2>\n<p>Social Action and Innovation Centre jest jedn\u0105 z najstarszych organizacji spo\u0142ecze\u0144stwa obywatelskiego w Grecji, za\u0142o\u017con\u0105 w 1977 roku z misj\u0105 przyczyniania si\u0119 do efektywnego kszta\u0142towania polityki spo\u0142ecznej i prowadzenia skutecznych interwencji, kt\u00f3re buduj\u0105 odporno\u015b\u0107, zwalczaj\u0105 nier\u00f3wno\u015bci i promuj\u0105 zr\u00f3wnowa\u017cony wzrost spo\u0142eczny sprzyjaj\u0105cy w\u0142\u0105czeniu spo\u0142ecznemu. KMOP bada, analizuje, proponuje rozwi\u0105zania i podejmuje interwencje polityczne w celu sprostania wsp\u00f3\u0142czesnym wyzwaniom spo\u0142ecznym w oparciu o sprawiedliwo\u015b\u0107, innowacyjno\u015b\u0107, trwa\u0142o\u015b\u0107 i zr\u00f3wnowa\u017cony rozw\u00f3j.<\/p>\n<p>Wi\u0119cej informacji mo\u017cna znale\u017a\u0107 na stronie: <a href=\"https:\/\/www.kmop.gr\/\" target=\"_blank\" rel=\"noopener\">https:\/\/www.kmop.gr\/<\/a><\/p>\n<hr \/>\n<h2 style=\"text-align: center;\"><img decoding=\"async\" class=\"alignnone wp-image-109 size-medium\" src=\"https:\/\/gameon.erasmus.site\/wp-content\/uploads\/2022\/05\/meus-300x300.png\" alt=\"\" width=\"300\" height=\"300\" srcset=\"https:\/\/gameon.erasmus.site\/wp-content\/uploads\/2022\/05\/meus.png 300w, https:\/\/gameon.erasmus.site\/wp-content\/uploads\/2022\/05\/meus-150x150.png 150w\" sizes=\"(max-width: 300px) 100vw, 300px\" \/><br \/>\n<strong>MEUS<\/strong><\/h2>\n<p>MEUS jest prywatn\u0105 organizacj\u0105 z siedzib\u0105 w Walencji, w Hiszpanii, kt\u00f3rej celem jest poprawa umiej\u0119tno\u015bci ludzi w ich \u015brodowisku, zar\u00f3wno na poziomie zawodowym, jak i prywatnym. W ten spos\u00f3b skupia si\u0119 na rozwoju umiej\u0119tno\u015bci jednostek na ka\u017cdym etapie ich \u017cycia, od szko\u0142y do edukacji doros\u0142ych i ci\u0105g\u0142ego szkolenia w trakcie \u017cycia zawodowego.<\/p>\n<p>Zgodnie z europejsk\u0105 strategi\u0105 zwi\u0105zan\u0105 z edukacj\u0105, MEUS pracuje nad rozwojem nowych materia\u0142\u00f3w szkoleniowych i metodologii dostosowanych do r\u00f3\u017cnych potrzeb docelowych i rynkowych, co poprawia integracj\u0119 na rynku pracy, ci\u0105g\u0142e szkolenie i popraw\u0119 pracy. W szczeg\u00f3lno\u015bci pracuje nad wszystkimi niezb\u0119dnymi umiej\u0119tno\u015bciami mi\u0119kkimi (komunikacja, praca w zespole, rozwi\u0105zywanie problem\u00f3w itp.), kt\u00f3rych potrzebuj\u0105 pracownicy we wszystkich dziedzinach (sztuczna inteligencja, IT, us\u0142ugi, handel, handel detaliczny, zdrowie itp.) Zach\u0119ca r\u00f3wnie\u017c do rozwijania nowych projekt\u00f3w biznesowych, oferuj\u0105c ocen\u0119 i szkolenia dla przedsi\u0119biorc\u00f3w, wspieraj\u0105c ich w byciu kreatywnymi, innowacyjnymi i odnosz\u0105cymi sukcesy w swoich inicjatywach.<\/p>\n<p>MEUS bada i promuje zr\u00f3wnowa\u017cone modele biznesowe, d\u0105\u017c\u0105c do wdro\u017cenia najlepszych praktyk CSR. MEUS silnie wspiera nowe i rozwijaj\u0105ce si\u0119 sektory gospodarki i jest uwa\u017cny na zmiany spo\u0142eczne, dlatego te\u017c jeste\u015bmy szczeg\u00f3lnie zaanga\u017cowani w kwestie takie jak zielona gospodarka (i zielone umiej\u0119tno\u015bci), pomara\u0144czowa gospodarka (kultura), ICT, dostosowanie do starzej\u0105cego si\u0119 spo\u0142ecze\u0144stwa i nowych cech demograficznych generuj\u0105cych wy\u017cszy popyt na us\u0142ugi osobiste, itp.<\/p>\n<p>Strona internetowa: <a href=\"http:\/\/www.meuskills.eu\" target=\"_blank\" rel=\"noopener\">www.meuskills.eu<\/a><\/p>\n<hr \/>\n<h2 style=\"text-align: center;\"><img loading=\"lazy\" decoding=\"async\" class=\"alignnone wp-image-116 size-medium\" src=\"https:\/\/gameon.erasmus.site\/wp-content\/uploads\/2022\/05\/euphoria-300x300.png\" alt=\"\" width=\"300\" height=\"300\" srcset=\"https:\/\/gameon.erasmus.site\/wp-content\/uploads\/2022\/05\/euphoria.png 300w, https:\/\/gameon.erasmus.site\/wp-content\/uploads\/2022\/05\/euphoria-150x150.png 150w\" sizes=\"(max-width: 300px) 100vw, 300px\" \/><br \/>\n<strong>Euphoria Net<\/strong><\/h2>\n<p>Euphoria Net Srl to w\u0142oska firma za\u0142o\u017cona w marcu 2019 roku, kt\u00f3rej g\u0142\u00f3wnym zakresem jest \u015bwiadczenie us\u0142ug w dziedzinie zarz\u0105dzania projektami, w zakresie wspierania organizacji w realizacji i zarz\u0105dzaniu projektami, a tak\u017ce prowadzenia szkole\u0144 na ten temat. Euphoria specjalizuje si\u0119 w dziedzinie edukacji i pracuje w projektach zwi\u0105zanych z wprowadzaniem innowacji w takich dziedzinach. Trzy g\u0142\u00f3wne obszary dzia\u0142alno\u015bci s\u0105 nast\u0119puj\u0105ce: 1 &#8211; Zarz\u0105dzanie projektami: \u015bledzimy wszystkie aspekty zwi\u0105zane z projektami unijnymi; 2 &#8211; Szkolenia: organizujemy szkolenia specjalnie dla szk\u00f3\u0142 ka\u017cdego stopnia, Uniwersytet\u00f3w i stowarzysze\u0144 na nast\u0119puj\u0105ce tematy: zarz\u0105dzanie projektami, kompetencje cyfrowe, przedsi\u0119biorczo\u015b\u0107, pobudzanie STEM w szkole, obywatelstwo UE, spersonalizowane uczenie si\u0119, umiej\u0119tno\u015bci mi\u0119kkie i innowacyjne metodologie. 3 &#8211; Organizacja wydarze\u0144 i strategii komunikacyjnych: organizujemy strategie rozpowszechniania w ramach projekt\u00f3w, w tym tworzenie marki projektu, komunikacj\u0119, mapowanie interesariuszy, organizacj\u0119 i koordynacj\u0119 wydarze\u0144 w ca\u0142ej Europie.<\/p>\n<p>Strona internetowa: <a href=\"https:\/\/euphorianet.it\/\" target=\"_blank\" rel=\"noopener\">www.euphorianet.it<\/a><\/p>\n<p>Kontakt: <a href=\"mailto:info@euphorianet.it\">info@euphorianet.it<\/a><\/p>\n<hr \/>\n<h2 style=\"text-align: center;\"><img loading=\"lazy\" decoding=\"async\" class=\"alignnone wp-image-120 size-medium\" src=\"https:\/\/gameon.erasmus.site\/wp-content\/uploads\/2022\/05\/cwep-300x300.png\" alt=\"\" width=\"300\" height=\"300\" srcset=\"https:\/\/gameon.erasmus.site\/wp-content\/uploads\/2022\/05\/cwep.png 300w, https:\/\/gameon.erasmus.site\/wp-content\/uploads\/2022\/05\/cwep-150x150.png 150w\" sizes=\"(max-width: 300px) 100vw, 300px\" \/><br \/>\n<strong>Centrum Wspierania Edukacji i Przedsi\u0119biorczo\u015bci (CWEP)<\/strong><\/h2>\n<p>Centrum Wspierania Edukacji i Przedsi\u0119biorczo\u015bci (CWEP) to organizacja pozarz\u0105dowa za\u0142o\u017cona w 2004r. przez grup\u0119 przedsi\u0119biorc\u00f3w, nauczycieli i dzia\u0142aczy spo\u0142ecznych z Rzeszowa. CWEP wsp\u00f3\u0142pracuje z firmami i organizacjami edukacyjnymi. Misj\u0105 stowarzyszenia jest wzrost jako\u015bci szkole\u0144 i kszta\u0142cenia na ka\u017cdym poziomie i w ka\u017cdej formie, jak r\u00f3wnie\u017c promowanie przedsi\u0119biorczo\u015bci oraz integracji grup spo\u0142ecznych niezale\u017cnie od wieku, p\u0142ci czy pochodzenia. Szczeg\u00f3\u0142owe cele stowarzyszenia to zwi\u0119kszenie dost\u0119pno\u015bci, jako\u015bci i skuteczno\u015bci kszta\u0142cenia we wszystkich grupach wiekowych, promocja i wsparcie kszta\u0142cenia os\u00f3b doros\u0142ych, uczenie si\u0119 przez ca\u0142e \u017cycie, e-learning i wykorzystanie nowoczesnych technologii w edukacji. Stowarzyszenie wsp\u00f3\u0142pracuje z wieloma partnerami z ca\u0142ej Europy, wzmacniaj\u0105c pozycj\u0119 ekonomiczn\u0105 przedsi\u0119biorstw oraz dostarczaj\u0105c innowacyjne platformy internetowe.<\/p>\n<p>Strona internetowa: <a href=\"http:\/\/www.cwep.eu\" target=\"_blank\" rel=\"noopener\">www.cwep.eu<\/a><\/p>\n<hr \/>\n<h2 style=\"text-align: center;\"><img loading=\"lazy\" decoding=\"async\" class=\"alignnone wp-image-128 size-medium\" src=\"https:\/\/gameon.erasmus.site\/wp-content\/uploads\/2022\/05\/innoved-300x300.png\" alt=\"\" width=\"300\" height=\"300\" srcset=\"https:\/\/gameon.erasmus.site\/wp-content\/uploads\/2022\/05\/innoved.png 300w, https:\/\/gameon.erasmus.site\/wp-content\/uploads\/2022\/05\/innoved-150x150.png 150w\" sizes=\"(max-width: 300px) 100vw, 300px\" \/><br \/>\n<strong>INNOVED<\/strong><\/h2>\n<p>jest organizacj\u0105 edukacyjn\u0105, kt\u00f3ra skupia si\u0119 na transferze wiedzy i innowacji w odniesieniu do rozwoju kulturalnego i gospodarczego w zakresie edukacji nieformalnej, uczenia si\u0119 przez ca\u0142e \u017cycie i szkole\u0144; aspekt\u00f3w przedsi\u0119biorczo\u015bci i zatrudnienia; nieformalnych metod uczenia si\u0119 i szkole\u0144 z wykorzystaniem wsp\u00f3\u0142czesnych technologii.<\/p>\n<p>G\u0142\u00f3wn\u0105 misj\u0105 INNOVED jest promocja wiedzy z aktywizacj\u0105 i zaanga\u017cowaniem obywateli poprzez nowoczesne praktyki edukacyjne i mo\u017cliwo\u015bci, kt\u00f3re przynosz\u0105 korzy\u015bci szerszemu spo\u0142ecze\u0144stwu. Aby zrealizowa\u0107 swoj\u0105 misj\u0119, INNOVED koncentruje si\u0119 na:<\/p>\n<p>Edukacja i Szkolenia<br \/>\nIntegracja spo\u0142eczna, samouprawnienie i dialog mi\u0119dzykulturowy<br \/>\nInnowacyjne metodologie i praktyki wok\u00f3\u0142 przedsi\u0119biorczego nastawienia<br \/>\nNiepe\u0142nosprawno\u015b\u0107 i upodmiotowienie<br \/>\nNieformalne praktyki w edukacji i szkoleniach<br \/>\nInnovED k\u0142adzie nacisk na w\u0142\u0105czenie spo\u0142eczne grup defaworyzowanych i marginalizowanych oraz og\u00f3lne wzmocnienie jednostek poprzez dostarczanie innowacyjnych i zintegrowanych rozwi\u0105za\u0144 edukacyjnych dostosowanych do potrzeb r\u00f3\u017cnych grup. W szczeg\u00f3lno\u015bci organizacja skupia si\u0119 na aktywizacji udzia\u0142u zainteresowanych stron z r\u00f3\u017cnych \u015brodowisk w inicjatywach, kt\u00f3re daj\u0105 ludziom prawo do lepszej przysz\u0142o\u015bci (zar\u00f3wno na poziomie zawodowym, jak i osobistym) poprzez samoumocnienie. InnovED d\u0105\u017cy do tego, aby by\u0107 znanym z oddania i profesjonalnego zaanga\u017cowania na rzecz doskona\u0142o\u015bci.<\/p>\n<p>Strona internetowa: <a href=\"https:\/\/www.innoved.gr\/\" target=\"_blank\" rel=\"noopener\">https:\/\/www.innoved.gr\/<\/a><\/p>","protected":false},"excerpt":{"rendered":"<p>ASOCIACI\u00d3N VALENCIA INNO HUB \u2013 Koordynator projektu Valencia Inno Hub (Innohub) to hiszpa\u0144ska organizacja non-profit, kt\u00f3ra powsta\u0142a w celu po\u0142\u0105czenia talentu, technologii oraz rozwoju osobistego i zawodowego. Jej celem jest promowanie innowacji i nowych rozwi\u0105za\u0144 technologicznych, kt\u00f3re b\u0119d\u0105 promowa\u0107 lepsz\u0105 przysz\u0142o\u015b\u0107, poprzez dzia\u0142ania wspieraj\u0105ce innowacyjne i technologiczne \u015brodowisko tworzenia, wraz ze szczeg\u00f3lnym uwzgl\u0119dnieniem grup spo\u0142ecznych&hellip;&nbsp;<\/p>\n","protected":false},"author":1,"featured_media":0,"parent":0,"menu_order":0,"comment_status":"closed","ping_status":"closed","template":"","meta":{"neve_meta_sidebar":"","neve_meta_container":"","neve_meta_enable_content_width":"off","neve_meta_content_width":100,"neve_meta_title_alignment":"","neve_meta_author_avatar":"","neve_post_elements_order":"","neve_meta_disable_header":"","neve_meta_disable_footer":"","neve_meta_disable_title":"","footnotes":""},"class_list":["post-135","page","type-page","status-publish","hentry"],"_links":{"self":[{"href":"https:\/\/gameon.erasmus.site\/pl\/wp-json\/wp\/v2\/pages\/135","targetHints":{"allow":["GET"]}}],"collection":[{"href":"https:\/\/gameon.erasmus.site\/pl\/wp-json\/wp\/v2\/pages"}],"about":[{"href":"https:\/\/gameon.erasmus.site\/pl\/wp-json\/wp\/v2\/types\/page"}],"author":[{"embeddable":true,"href":"https:\/\/gameon.erasmus.site\/pl\/wp-json\/wp\/v2\/users\/1"}],"replies":[{"embeddable":true,"href":"https:\/\/gameon.erasmus.site\/pl\/wp-json\/wp\/v2\/comments?post=135"}],"version-history":[{"count":11,"href":"https:\/\/gameon.erasmus.site\/pl\/wp-json\/wp\/v2\/pages\/135\/revisions"}],"predecessor-version":[{"id":202,"href":"https:\/\/gameon.erasmus.site\/pl\/wp-json\/wp\/v2\/pages\/135\/revisions\/202"}],"wp:attachment":[{"href":"https:\/\/gameon.erasmus.site\/pl\/wp-json\/wp\/v2\/media?parent=135"}],"curies":[{"name":"wp","href":"https:\/\/api.w.org\/{rel}","templated":true}]}}