{"id":175,"date":"2022-07-19T14:03:12","date_gmt":"2022-07-19T14:03:12","guid":{"rendered":"https:\/\/gameon.erasmus.site\/?page_id=175"},"modified":"2023-12-15T19:23:50","modified_gmt":"2023-12-15T19:23:50","slug":"result-2","status":"publish","type":"page","link":"https:\/\/gameon.erasmus.site\/pl\/result-2\/","title":{"rendered":"Wytyczne dotycz\u0105ce przedsi\u0119biorczo\u015bci cyfrowej"},"content":{"rendered":"<p>Zestaw wytycznych, kt\u00f3rych g\u0142\u00f3wnym celem jest dostarczenie u\u017cytkownikom ko\u0144cowym odpowiednich informacji i wyja\u015bnie\u0144 dotycz\u0105cych wszystkich poj\u0119\u0107 i narz\u0119dzi, kt\u00f3re b\u0119d\u0105 dla nich niezb\u0119dne, gdy stan\u0105 si\u0119 cyfrowymi przedsi\u0119biorcami.<br \/>\nDzi\u0119ki wytycznym dotycz\u0105cym przedsi\u0119biorczo\u015bci cyfrowej u\u017cytkownicy mog\u0105 uzupe\u0142ni\u0107 szkolenie przeprowadzone za pomoc\u0105 gry symulacyjnej. Wytyczne s\u0142u\u017c\u0105 jako dodatkowe narz\u0119dzie szkoleniowe, kt\u00f3re zapewnia u\u017cytkownikom zrozumienie poj\u0119\u0107 zawartych w grze, istotnych aby zosta\u0107 przedsi\u0119biorc\u0105 cyfrowym.<\/p>\n<p>Wytyczne podzielone s\u0105 na trzy g\u0142\u00f3wne obszary, po\u015bwi\u0119cone nast\u0119puj\u0105cym zagadnieniom:<\/p>\n<p>&#8211; Koncepcje teoretyczne: przedsi\u0119biorczo\u015b\u0107 cyfrowa, transformacja cyfrowa i mo\u017cliwo\u015bci cyfrowe<br \/>\n&#8211; Narz\u0119dzia dla przedsi\u0119biorczo\u015bci cyfrowej<br \/>\n&#8211; Najlepsze praktyki i studia przypadk\u00f3w dla przedsi\u0119biorstw cyfrowych<\/p>\n<p>Wszystkie tre\u015bci zawarte w wytycznych zilustrowane s\u0105 rzeczywistymi przyk\u0142adami i studiami przypadk\u00f3w, kt\u00f3re pokazuj\u0105 u\u017cytkownikom, w jaki spos\u00f3b wprowadzone koncepcje stosowane s\u0105 na co dzie\u0144 przez przedsi\u0119biorc\u00f3w cyfrowych.<br \/>\nCyfrowe wytyczne zawieraj\u0105 te\u017c odpowiedni\u0105 teori\u0119, kt\u00f3ra mo\u017ce by\u0107 przydatna do lepszego zrozumienia gry lub do poszerzenia wiedzy u\u017cytkownik\u00f3w na tematy uzupe\u0142niaj\u0105ce.<\/p>\n\r\n<!--change the width and height value as you want.--> \r\n<!-- Do change \"index.htm\" to your real html name of the flippingbook--> \r\n<iframe  style=\"width:100%;height:850px\"  src=\"https:\/\/gameon.erasmus.site\/wp-content\/uploads\/flipbook\/2\/book.html\"  seamless=\"seamless\" scrolling=\"no\" frameborder=\"0\" allowtransparency=\"true\" allowfullscreen mozallowfullscreen  webkitallowfullscreen ><\/iframe>\r\n\n<p style=\"text-align: center;\"><a class=\"btn btn-primary btn-lg active\" role=\"button\" href=\"https:\/\/gameon.erasmus.site\/wp-content\/uploads\/2023\/11\/GameOn_PR2_Digital_Entrepreneurship_Guidelines_PL.pdf\" aria-pressed=\"true\">Pobierz<\/a><\/p>\n<p><\/p>","protected":false},"excerpt":{"rendered":"<p>Zestaw wytycznych, kt\u00f3rych g\u0142\u00f3wnym celem jest dostarczenie u\u017cytkownikom ko\u0144cowym odpowiednich informacji i wyja\u015bnie\u0144 dotycz\u0105cych wszystkich poj\u0119\u0107 i narz\u0119dzi, kt\u00f3re b\u0119d\u0105 dla nich niezb\u0119dne, gdy stan\u0105 si\u0119 cyfrowymi przedsi\u0119biorcami. Dzi\u0119ki wytycznym dotycz\u0105cym przedsi\u0119biorczo\u015bci cyfrowej u\u017cytkownicy mog\u0105 uzupe\u0142ni\u0107 szkolenie przeprowadzone za pomoc\u0105 gry symulacyjnej. Wytyczne s\u0142u\u017c\u0105 jako dodatkowe narz\u0119dzie szkoleniowe, kt\u00f3re zapewnia u\u017cytkownikom zrozumienie poj\u0119\u0107 zawartych w&hellip;&nbsp;<\/p>\n","protected":false},"author":1,"featured_media":0,"parent":0,"menu_order":0,"comment_status":"closed","ping_status":"closed","template":"","meta":{"neve_meta_sidebar":"","neve_meta_container":"","neve_meta_enable_content_width":"off","neve_meta_content_width":100,"neve_meta_title_alignment":"","neve_meta_author_avatar":"","neve_post_elements_order":"","neve_meta_disable_header":"","neve_meta_disable_footer":"","neve_meta_disable_title":"","footnotes":""},"class_list":["post-175","page","type-page","status-publish","hentry"],"_links":{"self":[{"href":"https:\/\/gameon.erasmus.site\/pl\/wp-json\/wp\/v2\/pages\/175","targetHints":{"allow":["GET"]}}],"collection":[{"href":"https:\/\/gameon.erasmus.site\/pl\/wp-json\/wp\/v2\/pages"}],"about":[{"href":"https:\/\/gameon.erasmus.site\/pl\/wp-json\/wp\/v2\/types\/page"}],"author":[{"embeddable":true,"href":"https:\/\/gameon.erasmus.site\/pl\/wp-json\/wp\/v2\/users\/1"}],"replies":[{"embeddable":true,"href":"https:\/\/gameon.erasmus.site\/pl\/wp-json\/wp\/v2\/comments?post=175"}],"version-history":[{"count":8,"href":"https:\/\/gameon.erasmus.site\/pl\/wp-json\/wp\/v2\/pages\/175\/revisions"}],"predecessor-version":[{"id":567,"href":"https:\/\/gameon.erasmus.site\/pl\/wp-json\/wp\/v2\/pages\/175\/revisions\/567"}],"wp:attachment":[{"href":"https:\/\/gameon.erasmus.site\/pl\/wp-json\/wp\/v2\/media?parent=175"}],"curies":[{"name":"wp","href":"https:\/\/api.w.org\/{rel}","templated":true}]}}